{"id":90,"date":"2023-10-03T12:38:31","date_gmt":"2023-10-03T10:38:31","guid":{"rendered":"https:\/\/metspains.fr\/?page_id=90"},"modified":"2024-03-25T15:40:33","modified_gmt":"2024-03-25T14:40:33","slug":"evenements","status":"publish","type":"page","link":"https:\/\/metspains.fr\/?page_id=90","title":{"rendered":"Ev\u00e8nements"},"content":{"rendered":"\n[et_pb_section fb_built=&#8221;1&#8243; _builder_version=&#8221;4.22.2&#8243; _module_preset=&#8221;default&#8221; global_colors_info=&#8221;{}&#8221;][et_pb_row _builder_version=&#8221;4.22.2&#8243; _module_preset=&#8221;default&#8221; global_colors_info=&#8221;{}&#8221;][et_pb_column type=&#8221;4_4&#8243; _builder_version=&#8221;4.22.2&#8243; _module_preset=&#8221;default&#8221; global_colors_info=&#8221;{}&#8221;][et_pb_text _builder_version=&#8221;4.22.2&#8243; _module_preset=&#8221;default&#8221; global_colors_info=&#8221;{}&#8221;]<div>\n<p><span>R\u00e9server votre Food Truck\u00a0pour toutes vos occasions\u00a0!<\/span><\/p>\n<p><span> Notre cuisine roulante se d\u00e9plac<\/span><span>e <\/span><span>jusqu\u2019\u00e0 chez vous et s\u2019adapte \u00e0 votre demande en vous proposant une cuisine cr\u00e9ative et personnalisable.<\/span><\/p>\n<p><span> Le camion ne se d\u00e9place jamais sans son four \u00e0 bois, un large choix de Mets et de Pains vous attendent.<\/span><\/p>\n<\/div>[\/et_pb_text][\/et_pb_column][\/et_pb_row][et_pb_row _builder_version=&#8221;4.22.2&#8243; _module_preset=&#8221;default&#8221; global_colors_info=&#8221;{}&#8221;][et_pb_column type=&#8221;4_4&#8243; _builder_version=&#8221;4.22.2&#8243; _module_preset=&#8221;default&#8221; global_colors_info=&#8221;{}&#8221;][wpforms_selector form_id=&#8221;261&#8243; _builder_version=&#8221;4.22.2&#8243; _module_preset=&#8221;default&#8221; global_colors_info=&#8221;{}&#8221;][\/wpforms_selector][\/et_pb_column][\/et_pb_row][\/et_pb_section]\n","protected":false},"excerpt":{"rendered":"<p>R\u00e9server votre Food Truck\u00a0pour toutes vos occasions\u00a0! Notre cuisine roulante se d\u00e9place jusqu\u2019\u00e0 chez vous et s\u2019adapte \u00e0 votre demande en vous proposant une cuisine cr\u00e9ative et personnalisable. Le camion ne se d\u00e9place jamais sans son four \u00e0 bois, un large choix de Mets et de Pains vous attendent. <div class=\"et_pb_module wpforms_selector wpforms_selector_0\">\n\t\t\t\t\n\t\t\t\t\n\t\t\t\t\n\t\t\t\t\n\t\t\t\t\n\t\t\t\t\n\t\t\t\t<div class=\"et_pb_module_inner\">\n\t\t\t\t\t<div class=\"wpforms-container wpforms-container-full wpforms-render-modern\" id=\"wpforms-261\"><form id=\"wpforms-form-261\" class=\"wpforms-validate wpforms-form wpforms-ajax-form\" data-formid=\"261\" method=\"post\" enctype=\"multipart\/form-data\" action=\"\/index.php?rest_route=%2Fwp%2Fv2%2Fpages%2F90\" data-token=\"08ee046397a174bac2052d8fbcab1356\"><noscript class=\"wpforms-error-noscript\">Please enable JavaScript in your browser to complete this form.<\/noscript><div class=\"wpforms-hidden\" id=\"wpforms-error-noscript\">Please enable JavaScript in your browser to complete this form.<\/div><div class=\"wpforms-field-container\"><div id=\"wpforms-261-field_0-container\" class=\"wpforms-field wpforms-field-name\" data-field-id=\"0\"><fieldset><legend class=\"wpforms-field-label\">Nom <span class=\"wpforms-required-label\" aria-hidden=\"true\">*<\/span><\/legend><div class=\"wpforms-field-row wpforms-field-medium\"><div class=\"wpforms-field-row-block wpforms-first wpforms-one-half\"><input type=\"text\" id=\"wpforms-261-field_0\" class=\"wpforms-field-name-first wpforms-field-required\" name=\"wpforms[fields][0][first]\" aria-errormessage=\"wpforms-261-field_0-error\" required><label for=\"wpforms-261-field_0\" class=\"wpforms-field-sublabel after \">First<\/label><\/div><div class=\"wpforms-field-row-block wpforms-one-half\"><input type=\"text\" id=\"wpforms-261-field_0-last\" class=\"wpforms-field-name-last wpforms-field-required\" name=\"wpforms[fields][0][last]\" aria-errormessage=\"wpforms-261-field_0-last-error\" required><label for=\"wpforms-261-field_0-last\" class=\"wpforms-field-sublabel after \">Last<\/label><\/div><\/div><\/fieldset><\/div><div id=\"wpforms-261-field_1-container\" class=\"wpforms-field wpforms-field-email\" data-field-id=\"1\"><label class=\"wpforms-field-label\" for=\"wpforms-261-field_1\">E-mail <span class=\"wpforms-required-label\" aria-hidden=\"true\">*<\/span><\/label><input type=\"email\" id=\"wpforms-261-field_1\" class=\"wpforms-field-medium wpforms-field-required\" name=\"wpforms[fields][1]\" spellcheck=\"false\" aria-errormessage=\"wpforms-261-field_1-error\" required><\/div><div id=\"wpforms-261-field_3-container\" class=\"wpforms-field wpforms-field-checkbox\" data-field-id=\"3\"><fieldset><legend class=\"wpforms-field-label\">Type d&#039;\u00e9v\u00e8nement<\/legend><ul id=\"wpforms-261-field_3\"><li class=\"choice-1 depth-1\"><input type=\"checkbox\" id=\"wpforms-261-field_3_1\" name=\"wpforms[fields][3][]\" value=\"Mariage\" aria-errormessage=\"wpforms-261-field_3_1-error\"  ><label class=\"wpforms-field-label-inline\" for=\"wpforms-261-field_3_1\">Mariage<\/label><\/li><li class=\"choice-2 depth-1\"><input type=\"checkbox\" id=\"wpforms-261-field_3_2\" name=\"wpforms[fields][3][]\" value=\"Anniversaire\" aria-errormessage=\"wpforms-261-field_3_2-error\"  ><label class=\"wpforms-field-label-inline\" for=\"wpforms-261-field_3_2\">Anniversaire<\/label><\/li><li class=\"choice-3 depth-1\"><input type=\"checkbox\" id=\"wpforms-261-field_3_3\" name=\"wpforms[fields][3][]\" value=\"Brunch\" aria-errormessage=\"wpforms-261-field_3_3-error\"  ><label class=\"wpforms-field-label-inline\" for=\"wpforms-261-field_3_3\">Brunch<\/label><\/li><li class=\"choice-4 depth-1\"><input type=\"checkbox\" id=\"wpforms-261-field_3_4\" name=\"wpforms[fields][3][]\" value=\"Repas d&#039;entreprise\" aria-errormessage=\"wpforms-261-field_3_4-error\"  ><label class=\"wpforms-field-label-inline\" for=\"wpforms-261-field_3_4\">Repas d'entreprise<\/label><\/li><li class=\"choice-5 depth-1\"><input type=\"checkbox\" id=\"wpforms-261-field_3_5\" name=\"wpforms[fields][3][]\" value=\"F\u00eate &amp; Festival\" aria-errormessage=\"wpforms-261-field_3_5-error\"  ><label class=\"wpforms-field-label-inline\" for=\"wpforms-261-field_3_5\">F\u00eate &amp; Festival<\/label><\/li><li class=\"choice-6 depth-1\"><input type=\"checkbox\" id=\"wpforms-261-field_3_6\" name=\"wpforms[fields][3][]\" value=\"Autres\" aria-errormessage=\"wpforms-261-field_3_6-error\"  ><label class=\"wpforms-field-label-inline\" for=\"wpforms-261-field_3_6\">Autres<\/label><\/li><\/ul><\/fieldset><\/div><div id=\"wpforms-261-field_8-container\" class=\"wpforms-field wpforms-field-text\" data-field-id=\"8\"><label class=\"wpforms-field-label\" for=\"wpforms-261-field_8\">Date<\/label><input type=\"text\" id=\"wpforms-261-field_8\" class=\"wpforms-field-medium\" name=\"wpforms[fields][8]\" aria-errormessage=\"wpforms-261-field_8-error\" ><\/div><div id=\"wpforms-261-field_4-container\" class=\"wpforms-field wpforms-field-number\" data-field-id=\"4\"><label class=\"wpforms-field-label\" for=\"wpforms-261-field_4\">Nombre d&#039;invit\u00e9s<\/label><input type=\"number\" pattern=\"\\d*\" id=\"wpforms-261-field_4\" class=\"wpforms-field-medium\" name=\"wpforms[fields][4]\" aria-errormessage=\"wpforms-261-field_4-error\" ><\/div><div id=\"wpforms-261-field_2-container\" class=\"wpforms-field wpforms-field-textarea\" data-field-id=\"2\"><label class=\"wpforms-field-label\" for=\"wpforms-261-field_2\">Commentaire ou message<\/label><textarea id=\"wpforms-261-field_2\" class=\"wpforms-field-medium\" name=\"wpforms[fields][2]\" aria-errormessage=\"wpforms-261-field_2-error\" ><\/textarea><\/div><div id=\"wpforms-261-field_9-container\" class=\"wpforms-field wpforms-field-text\" data-field-id=\"9\"><label class=\"wpforms-field-label\" for=\"wpforms-261-field_9\">N&#039;h\u00e9sitez pas \u00e0 nous communiquer vos allergies ou r\u00e9gimes alimentaires<\/label><input type=\"text\" id=\"wpforms-261-field_9\" class=\"wpforms-field-medium\" name=\"wpforms[fields][9]\" aria-errormessage=\"wpforms-261-field_9-error\" ><\/div><\/div><!-- .wpforms-field-container --><div class=\"wpforms-submit-container\" ><input type=\"hidden\" name=\"wpforms[id]\" value=\"261\"><input type=\"hidden\" name=\"wpforms[author]\" value=\"1\"><button type=\"submit\" name=\"wpforms[submit]\" id=\"wpforms-submit-261\" class=\"wpforms-submit\" data-alt-text=\"Envoi...\" data-submit-text=\"Envoyer\" aria-live=\"assertive\" value=\"wpforms-submit\">Envoyer<\/button><img loading=\"lazy\" decoding=\"async\" src=\"https:\/\/metspains.fr\/wp-content\/plugins\/wpforms\/assets\/images\/submit-spin.svg\" class=\"wpforms-submit-spinner\" style=\"display: none;\" width=\"26\" height=\"26\" alt=\"Loading\"><\/div><\/form><\/div>  <!-- .wpforms-container -->\n\t\t\t\t<\/div>\n\t\t\t<\/div><\/p>\n","protected":false},"author":1,"featured_media":0,"parent":0,"menu_order":0,"comment_status":"closed","ping_status":"closed","template":"","meta":{"_et_pb_use_builder":"on","_et_pb_old_content":"","_et_gb_content_width":"1080","om_disable_all_campaigns":false,"_monsterinsights_skip_tracking":false,"_monsterinsights_sitenote_active":false,"_monsterinsights_sitenote_note":"","_monsterinsights_sitenote_category":0,"footnotes":""},"class_list":["post-90","page","type-page","status-publish","hentry"],"yoast_head":"<!-- This site is optimized with the Yoast SEO plugin v26.4 - https:\/\/yoast.com\/wordpress\/plugins\/seo\/ -->\n<title>Ev\u00e8nements<\/title>\n<meta name=\"description\" content=\"Notre food-truck se d\u00e9place pour tous vos \u00e9v\u00e8nements et personnalise votre demande\" \/>\n<meta name=\"robots\" content=\"index, follow, max-snippet:-1, max-image-preview:large, max-video-preview:-1\" \/>\n<link rel=\"canonical\" href=\"https:\/\/metspains.fr\/?page_id=90\" \/>\n<meta property=\"og:locale\" content=\"en_US\" \/>\n<meta property=\"og:type\" content=\"article\" \/>\n<meta property=\"og:title\" content=\"Ev\u00e8nements\" \/>\n<meta property=\"og:description\" content=\"Notre food-truck se d\u00e9place pour tous vos \u00e9v\u00e8nements et personnalise votre demande\" \/>\n<meta property=\"og:url\" content=\"https:\/\/metspains.fr\/?page_id=90\" \/>\n<meta property=\"og:site_name\" content=\"metspains.fr\" \/>\n<meta property=\"article:publisher\" content=\"https:\/\/www.facebook.com\/profile.php?id=100087102165471\" \/>\n<meta property=\"article:modified_time\" content=\"2024-03-25T14:40:33+00:00\" \/>\n<meta name=\"twitter:card\" content=\"summary_large_image\" \/>\n<meta name=\"twitter:label1\" content=\"Est. reading time\" \/>\n\t<meta name=\"twitter:data1\" content=\"1 minute\" \/>\n<script type=\"application\/ld+json\" class=\"yoast-schema-graph\">{\"@context\":\"https:\/\/schema.org\",\"@graph\":[{\"@type\":\"WebPage\",\"@id\":\"https:\/\/metspains.fr\/?page_id=90\",\"url\":\"https:\/\/metspains.fr\/?page_id=90\",\"name\":\"Ev\u00e8nements\",\"isPartOf\":{\"@id\":\"https:\/\/metspains.fr\/#website\"},\"datePublished\":\"2023-10-03T10:38:31+00:00\",\"dateModified\":\"2024-03-25T14:40:33+00:00\",\"description\":\"Notre food-truck se d\u00e9place pour tous vos \u00e9v\u00e8nements et personnalise votre demande\",\"breadcrumb\":{\"@id\":\"https:\/\/metspains.fr\/?page_id=90#breadcrumb\"},\"inLanguage\":\"en-US\",\"potentialAction\":[{\"@type\":\"ReadAction\",\"target\":[\"https:\/\/metspains.fr\/?page_id=90\"]}]},{\"@type\":\"BreadcrumbList\",\"@id\":\"https:\/\/metspains.fr\/?page_id=90#breadcrumb\",\"itemListElement\":[{\"@type\":\"ListItem\",\"position\":1,\"name\":\"Accueil\",\"item\":\"https:\/\/metspains.fr\/\"},{\"@type\":\"ListItem\",\"position\":2,\"name\":\"Ev\u00e8nements\"}]},{\"@type\":\"WebSite\",\"@id\":\"https:\/\/metspains.fr\/#website\",\"url\":\"https:\/\/metspains.fr\/\",\"name\":\"metspains.fr\",\"description\":\"\",\"publisher\":{\"@id\":\"https:\/\/metspains.fr\/#organization\"},\"potentialAction\":[{\"@type\":\"SearchAction\",\"target\":{\"@type\":\"EntryPoint\",\"urlTemplate\":\"https:\/\/metspains.fr\/?s={search_term_string}\"},\"query-input\":{\"@type\":\"PropertyValueSpecification\",\"valueRequired\":true,\"valueName\":\"search_term_string\"}}],\"inLanguage\":\"en-US\"},{\"@type\":\"Organization\",\"@id\":\"https:\/\/metspains.fr\/#organization\",\"name\":\"metspains.fr\",\"url\":\"https:\/\/metspains.fr\/\",\"logo\":{\"@type\":\"ImageObject\",\"inLanguage\":\"en-US\",\"@id\":\"https:\/\/metspains.fr\/#\/schema\/logo\/image\/\",\"url\":\"https:\/\/metspains.fr\/wp-content\/uploads\/2023\/10\/mets-et-pains.png\",\"contentUrl\":\"https:\/\/metspains.fr\/wp-content\/uploads\/2023\/10\/mets-et-pains.png\",\"width\":228,\"height\":226,\"caption\":\"metspains.fr\"},\"image\":{\"@id\":\"https:\/\/metspains.fr\/#\/schema\/logo\/image\/\"},\"sameAs\":[\"https:\/\/www.facebook.com\/profile.php?id=100087102165471\",\"https:\/\/www.instagram.com\/mets.pains\/\"]}]}<\/script>\n<!-- \/ Yoast SEO plugin. -->","yoast_head_json":{"title":"Ev\u00e8nements","description":"Notre food-truck se d\u00e9place pour tous vos \u00e9v\u00e8nements et personnalise votre demande","robots":{"index":"index","follow":"follow","max-snippet":"max-snippet:-1","max-image-preview":"max-image-preview:large","max-video-preview":"max-video-preview:-1"},"canonical":"https:\/\/metspains.fr\/?page_id=90","og_locale":"en_US","og_type":"article","og_title":"Ev\u00e8nements","og_description":"Notre food-truck se d\u00e9place pour tous vos \u00e9v\u00e8nements et personnalise votre demande","og_url":"https:\/\/metspains.fr\/?page_id=90","og_site_name":"metspains.fr","article_publisher":"https:\/\/www.facebook.com\/profile.php?id=100087102165471","article_modified_time":"2024-03-25T14:40:33+00:00","twitter_card":"summary_large_image","twitter_misc":{"Est. reading time":"1 minute"},"schema":{"@context":"https:\/\/schema.org","@graph":[{"@type":"WebPage","@id":"https:\/\/metspains.fr\/?page_id=90","url":"https:\/\/metspains.fr\/?page_id=90","name":"Ev\u00e8nements","isPartOf":{"@id":"https:\/\/metspains.fr\/#website"},"datePublished":"2023-10-03T10:38:31+00:00","dateModified":"2024-03-25T14:40:33+00:00","description":"Notre food-truck se d\u00e9place pour tous vos \u00e9v\u00e8nements et personnalise votre demande","breadcrumb":{"@id":"https:\/\/metspains.fr\/?page_id=90#breadcrumb"},"inLanguage":"en-US","potentialAction":[{"@type":"ReadAction","target":["https:\/\/metspains.fr\/?page_id=90"]}]},{"@type":"BreadcrumbList","@id":"https:\/\/metspains.fr\/?page_id=90#breadcrumb","itemListElement":[{"@type":"ListItem","position":1,"name":"Accueil","item":"https:\/\/metspains.fr\/"},{"@type":"ListItem","position":2,"name":"Ev\u00e8nements"}]},{"@type":"WebSite","@id":"https:\/\/metspains.fr\/#website","url":"https:\/\/metspains.fr\/","name":"metspains.fr","description":"","publisher":{"@id":"https:\/\/metspains.fr\/#organization"},"potentialAction":[{"@type":"SearchAction","target":{"@type":"EntryPoint","urlTemplate":"https:\/\/metspains.fr\/?s={search_term_string}"},"query-input":{"@type":"PropertyValueSpecification","valueRequired":true,"valueName":"search_term_string"}}],"inLanguage":"en-US"},{"@type":"Organization","@id":"https:\/\/metspains.fr\/#organization","name":"metspains.fr","url":"https:\/\/metspains.fr\/","logo":{"@type":"ImageObject","inLanguage":"en-US","@id":"https:\/\/metspains.fr\/#\/schema\/logo\/image\/","url":"https:\/\/metspains.fr\/wp-content\/uploads\/2023\/10\/mets-et-pains.png","contentUrl":"https:\/\/metspains.fr\/wp-content\/uploads\/2023\/10\/mets-et-pains.png","width":228,"height":226,"caption":"metspains.fr"},"image":{"@id":"https:\/\/metspains.fr\/#\/schema\/logo\/image\/"},"sameAs":["https:\/\/www.facebook.com\/profile.php?id=100087102165471","https:\/\/www.instagram.com\/mets.pains\/"]}]}},"_links":{"self":[{"href":"https:\/\/metspains.fr\/index.php?rest_route=\/wp\/v2\/pages\/90","targetHints":{"allow":["GET"]}}],"collection":[{"href":"https:\/\/metspains.fr\/index.php?rest_route=\/wp\/v2\/pages"}],"about":[{"href":"https:\/\/metspains.fr\/index.php?rest_route=\/wp\/v2\/types\/page"}],"author":[{"embeddable":true,"href":"https:\/\/metspains.fr\/index.php?rest_route=\/wp\/v2\/users\/1"}],"replies":[{"embeddable":true,"href":"https:\/\/metspains.fr\/index.php?rest_route=%2Fwp%2Fv2%2Fcomments&post=90"}],"version-history":[{"count":8,"href":"https:\/\/metspains.fr\/index.php?rest_route=\/wp\/v2\/pages\/90\/revisions"}],"predecessor-version":[{"id":875,"href":"https:\/\/metspains.fr\/index.php?rest_route=\/wp\/v2\/pages\/90\/revisions\/875"}],"wp:attachment":[{"href":"https:\/\/metspains.fr\/index.php?rest_route=%2Fwp%2Fv2%2Fmedia&parent=90"}],"curies":[{"name":"wp","href":"https:\/\/api.w.org\/{rel}","templated":true}]}}